{"id":435,"date":"2024-01-08T11:08:09","date_gmt":"2024-01-08T04:08:09","guid":{"rendered":"https:\/\/hr-vjc.vn\/?page_id=435"},"modified":"2024-01-08T11:12:04","modified_gmt":"2024-01-08T04:12:04","slug":"tokutei-thu-nghiem-3","status":"publish","type":"page","link":"https:\/\/hr-vjc.vn\/vi\/tokutei-thu-nghiem-3\/","title":{"rendered":"Tokutei th\u1eed nghi\u1ec7m 3"},"content":{"rendered":"<div class=\"row row-large row-full-width row-dashed\"  id=\"row-1796547941\">\n\n\n\t<div id=\"col-110859253\" class=\"col medium-3 small-12 large-2\"  >\n\t\t<div class=\"col-inner text-center\"  >\n\t\t\t\n\t\t\t\n\n\t<div id=\"gap-2022171708\" class=\"gap-element clearfix\" style=\"display:block; height:auto;\">\n\t\t\n<style>\n#gap-2022171708 {\n  padding-top: 10px;\n}\n<\/style>\n\t<\/div>\n\t\n\n<h3>HR- VJC<\/h3>\n<p>Gi\u1edbi thi\u1ec7u vi\u1ec7c l\u00e0m tokutei<\/p>\n<div class=\"slider-wrapper relative\" id=\"slider-1355973192\" >\n    <div class=\"slider slider-nav-circle slider-nav-large slider-nav-light slider-style-normal\"\n        data-flickity-options='{            \"cellAlign\": \"center\",            \"imagesLoaded\": true,            \"lazyLoad\": 1,            \"freeScroll\": false,            \"wrapAround\": true,            \"autoPlay\": 6000,            \"pauseAutoPlayOnHover\" : true,            \"prevNextButtons\": true,            \"contain\" : true,            \"adaptiveHeight\" : true,            \"dragThreshold\" : 10,            \"percentPosition\": true,            \"pageDots\": true,            \"rightToLeft\": false,            \"draggable\": true,            \"selectedAttraction\": 0.1,            \"parallax\" : 0,            \"friction\": 0.6        }'\n        >\n        \n\n\t<div class=\"img has-hover x md-x lg-x y md-y lg-y\" id=\"image_1961756611\">\n\t\t\t\t\t\t\t\t<div class=\"img-inner dark\" >\n\t\t\t<img loading=\"lazy\" decoding=\"async\" width=\"1020\" height=\"680\" src=\"https:\/\/hr-vjc.vn\/wp-content\/uploads\/2023\/12\/megan-nixon-Y8QaAdT4Msk-unsplash-1024x683.jpg\" class=\"attachment-large size-large\" alt=\"\" srcset=\"https:\/\/hr-vjc.vn\/wp-content\/uploads\/2023\/12\/megan-nixon-Y8QaAdT4Msk-unsplash-1024x683.jpg 1024w, https:\/\/hr-vjc.vn\/wp-content\/uploads\/2023\/12\/megan-nixon-Y8QaAdT4Msk-unsplash-300x200.jpg 300w, https:\/\/hr-vjc.vn\/wp-content\/uploads\/2023\/12\/megan-nixon-Y8QaAdT4Msk-unsplash-768x512.jpg 768w, https:\/\/hr-vjc.vn\/wp-content\/uploads\/2023\/12\/megan-nixon-Y8QaAdT4Msk-unsplash-18x12.jpg 18w, https:\/\/hr-vjc.vn\/wp-content\/uploads\/2023\/12\/megan-nixon-Y8QaAdT4Msk-unsplash-510x340.jpg 510w, https:\/\/hr-vjc.vn\/wp-content\/uploads\/2023\/12\/megan-nixon-Y8QaAdT4Msk-unsplash.jpg 1500w\" sizes=\"auto, (max-width: 1020px) 100vw, 1020px\" \/>\t\t\t\t\t\t\n\t\t\t\t\t<\/div>\n\t\t\t\t\t\t\t\t\n<style>\n#image_1961756611 {\n  width: 100%;\n}\n<\/style>\n\t<\/div>\n\t\n\n\t<div class=\"img has-hover x md-x lg-x y md-y lg-y\" id=\"image_105994204\">\n\t\t\t\t\t\t\t\t<div class=\"img-inner dark\" >\n\t\t\t<img loading=\"lazy\" decoding=\"async\" width=\"1020\" height=\"680\" src=\"https:\/\/hr-vjc.vn\/wp-content\/uploads\/2023\/12\/alisa-anton-TFB-yM97hGg-unsplash-1024x683.jpg\" class=\"attachment-large size-large\" alt=\"\" srcset=\"https:\/\/hr-vjc.vn\/wp-content\/uploads\/2023\/12\/alisa-anton-TFB-yM97hGg-unsplash-1024x683.jpg 1024w, https:\/\/hr-vjc.vn\/wp-content\/uploads\/2023\/12\/alisa-anton-TFB-yM97hGg-unsplash-300x200.jpg 300w, https:\/\/hr-vjc.vn\/wp-content\/uploads\/2023\/12\/alisa-anton-TFB-yM97hGg-unsplash-768x512.jpg 768w, https:\/\/hr-vjc.vn\/wp-content\/uploads\/2023\/12\/alisa-anton-TFB-yM97hGg-unsplash-510x340.jpg 510w, https:\/\/hr-vjc.vn\/wp-content\/uploads\/2023\/12\/alisa-anton-TFB-yM97hGg-unsplash.jpg 1500w\" sizes=\"auto, (max-width: 1020px) 100vw, 1020px\" \/>\t\t\t\t\t\t\n\t\t\t\t\t<\/div>\n\t\t\t\t\t\t\t\t\n<style>\n#image_105994204 {\n  width: 100%;\n}\n<\/style>\n\t<\/div>\n\t\n\n\t<div class=\"img has-hover x md-x lg-x y md-y lg-y\" id=\"image_1369281447\">\n\t\t\t\t\t\t\t\t<div class=\"img-inner dark\" >\n\t\t\t<img loading=\"lazy\" decoding=\"async\" width=\"1020\" height=\"681\" src=\"https:\/\/hr-vjc.vn\/wp-content\/uploads\/2023\/12\/gaelle-marcel-Ld6bx4-axwo-unsplash-1024x684.jpg\" class=\"attachment-large size-large\" alt=\"\" srcset=\"https:\/\/hr-vjc.vn\/wp-content\/uploads\/2023\/12\/gaelle-marcel-Ld6bx4-axwo-unsplash-1024x684.jpg 1024w, https:\/\/hr-vjc.vn\/wp-content\/uploads\/2023\/12\/gaelle-marcel-Ld6bx4-axwo-unsplash-300x200.jpg 300w, https:\/\/hr-vjc.vn\/wp-content\/uploads\/2023\/12\/gaelle-marcel-Ld6bx4-axwo-unsplash-768x513.jpg 768w, https:\/\/hr-vjc.vn\/wp-content\/uploads\/2023\/12\/gaelle-marcel-Ld6bx4-axwo-unsplash-510x341.jpg 510w, https:\/\/hr-vjc.vn\/wp-content\/uploads\/2023\/12\/gaelle-marcel-Ld6bx4-axwo-unsplash.jpg 1500w\" sizes=\"auto, (max-width: 1020px) 100vw, 1020px\" \/>\t\t\t\t\t\t\n\t\t\t\t\t<\/div>\n\t\t\t\t\t\t\t\t\n<style>\n#image_1369281447 {\n  width: 100%;\n}\n<\/style>\n\t<\/div>\n\t\n\n\n     <\/div>\n\n     <div class=\"loading-spin dark large centered\"><\/div>\n\n     \t<\/div>\n\n\n\t<div id=\"text-3916546291\" class=\"text\">\n\t\t\n\n<blockquote>T\u00ecm vi\u1ec7c kh\u00f3 \u0111\u00e3 c\u00f3 HR &#8211; VJC<\/blockquote>\n\t\t\n<style>\n#text-3916546291 {\n  font-size: 0.75rem;\n}\n<\/style>\n\t<\/div>\n\t\n\t<div id=\"gap-2047189276\" class=\"gap-element clearfix\" style=\"display:block; height:auto;\">\n\t\t\n<style>\n#gap-2047189276 {\n  padding-top: 40px;\n}\n<\/style>\n\t<\/div>\n\t\n\n<h3>HR-VJC<\/h3>\n<p>Tuy\u1ec3n 1000 nh\u00e2n s\u1ef1 tokutei t\u1ea1i Nh\u1eadt<\/p>\n\n\t\t<\/div>\n\t\t\n<style>\n#col-110859253 > .col-inner {\n  padding: 0px 0px 0px 5px;\n}\n<\/style>\n\t<\/div>\n\n\t\n\n\t<div id=\"col-563062944\" class=\"col medium-6 small-12 large-8\"  >\n\t\t<div class=\"col-inner\"  >\n\t\t\t\n\t\t\t\n\n<p><iframe loading=\"lazy\" src=\"https:\/\/script.google.com\/a\/macros\/hr-vjc.vn\/s\/AKfycbwplnD0rYoIiDOfgJEwrStmqoklReAu6u-EJx4RKjkukb_8vceSKPdBCe8IfPhiT7CD\/exec\" width=\"100%\" height=\"600\"><\/iframe><\/p>\n\n\t\t<\/div>\n\t\t\t<\/div>\n\n\t\n\n\t<div id=\"col-540840083\" class=\"col medium-3 small-12 large-2\"  >\n\t\t<div class=\"col-inner text-center\"  >\n\t\t\t\n\t\t\t\n\n\t<div id=\"text-3512861723\" class=\"text\">\n\t\t\n\n<p><iframe loading=\"lazy\" src=\"https:\/\/script.google.com\/macros\/s\/AKfycbyEhzBSVZM1IEfGNhPnEuuhU1oEePyEB85U-oAE7OgIKRP4LHZH_FlrXsQIc1IjZzbQvg\/exec\" width=\"100%\" height=\"600\" style=\"border:none; overflow:hidden; padding:1; margin:0;\"><\/iframe><\/p>\n\t\t\n<style>\n#text-3512861723 {\n  text-align: center;\n}\n<\/style>\n\t<\/div>\n\t\n\n\t\t<\/div>\n\t\t\n<style>\n#col-540840083 > .col-inner {\n  padding: 0px 0px 0px 0px;\n  margin: 0px 0px -52px 0px;\n}\n<\/style>\n\t<\/div>\n\n\t\n\n<\/div>","protected":false},"excerpt":{"rendered":"","protected":false},"author":1,"featured_media":0,"parent":0,"menu_order":0,"comment_status":"closed","ping_status":"closed","template":"page-blank.php","meta":{"footnotes":""},"class_list":["post-435","page","type-page","status-publish","hentry"],"_links":{"self":[{"href":"https:\/\/hr-vjc.vn\/vi\/wp-json\/wp\/v2\/pages\/435","targetHints":{"allow":["GET"]}}],"collection":[{"href":"https:\/\/hr-vjc.vn\/vi\/wp-json\/wp\/v2\/pages"}],"about":[{"href":"https:\/\/hr-vjc.vn\/vi\/wp-json\/wp\/v2\/types\/page"}],"author":[{"embeddable":true,"href":"https:\/\/hr-vjc.vn\/vi\/wp-json\/wp\/v2\/users\/1"}],"replies":[{"embeddable":true,"href":"https:\/\/hr-vjc.vn\/vi\/wp-json\/wp\/v2\/comments?post=435"}],"version-history":[{"count":3,"href":"https:\/\/hr-vjc.vn\/vi\/wp-json\/wp\/v2\/pages\/435\/revisions"}],"predecessor-version":[{"id":439,"href":"https:\/\/hr-vjc.vn\/vi\/wp-json\/wp\/v2\/pages\/435\/revisions\/439"}],"wp:attachment":[{"href":"https:\/\/hr-vjc.vn\/vi\/wp-json\/wp\/v2\/media?parent=435"}],"curies":[{"name":"wp","href":"https:\/\/api.w.org\/{rel}","templated":true}]}}