{"id":298,"date":"2024-01-04T16:09:00","date_gmt":"2024-01-04T09:09:00","guid":{"rendered":"https:\/\/hr-vjc.vn\/?page_id=298"},"modified":"2024-01-07T12:40:00","modified_gmt":"2024-01-07T05:40:00","slug":"tokutei-de-02","status":"publish","type":"page","link":"https:\/\/hr-vjc.vn\/vi\/tokutei-de-02\/","title":{"rendered":"Tokutei \u0111\u1ec1 02"},"content":{"rendered":"\n<script>\nfunction checkLoginStatus() {\n  var fbLoggedIn = document.cookie.replace(\/(?:(?:^|.*;\\s*)fbLoggedIn\\s*\\=\\s*([^;]*).*$)|^.*$\/, \"$1\");\n  return fbLoggedIn === \"true\";\n}\n\nwindow.onload = function() {\n  if (!checkLoginStatus()) {\n    \/\/ Chuy\u1ec3n h\u01b0\u1edbng n\u1ebfu ch\u01b0a \u0111\u0103ng nh\u1eadp\n    window.location.href = \"https:\/\/hr-vjc.vn\/dang-nhap\/\";\n  }\n  else {\n    \/\/ Hi\u1ec3n th\u1ecb iframe n\u1ebfu \u0111\u00e3 \u0111\u0103ng nh\u1eadp\n    document.getElementById('myIframe').style.display = 'block';\n  }\n}\n<\/script>\n\n\n\n<iframe src=\"https:\/\/script.google.com\/macros\/s\/AKfycbzHDuVeTyZ3jdn7kKv4zR4U3mNEZ0lvGP2rStKH8vMvXsap8pCloZ9rdoOZY3g0IAsl\/exec\" width=100% height=600><\/iframe>\n","protected":false},"excerpt":{"rendered":"","protected":false},"author":1,"featured_media":0,"parent":0,"menu_order":0,"comment_status":"closed","ping_status":"closed","template":"","meta":{"footnotes":""},"class_list":["post-298","page","type-page","status-publish","hentry"],"_links":{"self":[{"href":"https:\/\/hr-vjc.vn\/vi\/wp-json\/wp\/v2\/pages\/298","targetHints":{"allow":["GET"]}}],"collection":[{"href":"https:\/\/hr-vjc.vn\/vi\/wp-json\/wp\/v2\/pages"}],"about":[{"href":"https:\/\/hr-vjc.vn\/vi\/wp-json\/wp\/v2\/types\/page"}],"author":[{"embeddable":true,"href":"https:\/\/hr-vjc.vn\/vi\/wp-json\/wp\/v2\/users\/1"}],"replies":[{"embeddable":true,"href":"https:\/\/hr-vjc.vn\/vi\/wp-json\/wp\/v2\/comments?post=298"}],"version-history":[{"count":62,"href":"https:\/\/hr-vjc.vn\/vi\/wp-json\/wp\/v2\/pages\/298\/revisions"}],"predecessor-version":[{"id":432,"href":"https:\/\/hr-vjc.vn\/vi\/wp-json\/wp\/v2\/pages\/298\/revisions\/432"}],"wp:attachment":[{"href":"https:\/\/hr-vjc.vn\/vi\/wp-json\/wp\/v2\/media?parent=298"}],"curies":[{"name":"wp","href":"https:\/\/api.w.org\/{rel}","templated":true}]}}