{"id":148,"date":"2023-12-28T08:55:17","date_gmt":"2023-12-28T01:55:17","guid":{"rendered":"https:\/\/hr-vjc.vn\/?page_id=148"},"modified":"2024-01-11T10:25:59","modified_gmt":"2024-01-11T03:25:59","slug":"de-tokutei-so-01","status":"publish","type":"page","link":"https:\/\/hr-vjc.vn\/vi\/de-tokutei-so-01\/","title":{"rendered":"\u0110\u1ec1 Tokutei S\u1ed1 01"},"content":{"rendered":"<div class=\"row row-large row-full-width row-dashed\"  id=\"row-1822332843\">\n\n\n\t<div id=\"col-1391699418\" class=\"col medium-3 small-12 large-2\"  >\n\t\t<div class=\"col-inner text-center\"  >\n\t\t\t\n\t\t\t\n\n\t<div id=\"gap-857219658\" class=\"gap-element clearfix\" style=\"display:block; height:auto;\">\n\t\t\n<style>\n#gap-857219658 {\n  padding-top: 10px;\n}\n<\/style>\n\t<\/div>\n\t\n\n<h3>HR- VJC<\/h3>\n<p>Gi\u1edbi thi\u1ec7u vi\u1ec7c l\u00e0m tokutei<\/p>\n<div class=\"slider-wrapper relative\" id=\"slider-707045304\" >\n    <div class=\"slider slider-nav-circle slider-nav-large slider-nav-light slider-style-normal\"\n        data-flickity-options='{            \"cellAlign\": \"center\",            \"imagesLoaded\": true,            \"lazyLoad\": 1,            \"freeScroll\": false,            \"wrapAround\": true,            \"autoPlay\": 6000,            \"pauseAutoPlayOnHover\" : true,            \"prevNextButtons\": true,            \"contain\" : true,            \"adaptiveHeight\" : true,            \"dragThreshold\" : 10,            \"percentPosition\": true,            \"pageDots\": true,            \"rightToLeft\": false,            \"draggable\": true,            \"selectedAttraction\": 0.1,            \"parallax\" : 0,            \"friction\": 0.6        }'\n        >\n        \n\n\t<div class=\"img has-hover x md-x lg-x y md-y lg-y\" id=\"image_515242000\">\n\t\t\t\t\t\t\t\t<div class=\"img-inner dark\" >\n\t\t\t<img loading=\"lazy\" decoding=\"async\" width=\"640\" height=\"640\" src=\"https:\/\/hr-vjc.vn\/wp-content\/uploads\/2024\/01\/354255291_635022205327902_4819745749077930764_n.png\" class=\"attachment-large size-large\" alt=\"\" srcset=\"https:\/\/hr-vjc.vn\/wp-content\/uploads\/2024\/01\/354255291_635022205327902_4819745749077930764_n.png 640w, https:\/\/hr-vjc.vn\/wp-content\/uploads\/2024\/01\/354255291_635022205327902_4819745749077930764_n-300x300.png 300w, https:\/\/hr-vjc.vn\/wp-content\/uploads\/2024\/01\/354255291_635022205327902_4819745749077930764_n-150x150.png 150w, https:\/\/hr-vjc.vn\/wp-content\/uploads\/2024\/01\/354255291_635022205327902_4819745749077930764_n-12x12.png 12w, https:\/\/hr-vjc.vn\/wp-content\/uploads\/2024\/01\/354255291_635022205327902_4819745749077930764_n-510x510.png 510w, https:\/\/hr-vjc.vn\/wp-content\/uploads\/2024\/01\/354255291_635022205327902_4819745749077930764_n-100x100.png 100w\" sizes=\"auto, (max-width: 640px) 100vw, 640px\" \/>\t\t\t\t\t\t\n\t\t\t\t\t<\/div>\n\t\t\t\t\t\t\t\t\n<style>\n#image_515242000 {\n  width: 100%;\n}\n<\/style>\n\t<\/div>\n\t\n\n\t<div class=\"img has-hover x md-x lg-x y md-y lg-y\" id=\"image_520680431\">\n\t\t\t\t\t\t\t\t<div class=\"img-inner dark\" >\n\t\t\t<img loading=\"lazy\" decoding=\"async\" width=\"640\" height=\"640\" src=\"https:\/\/hr-vjc.vn\/wp-content\/uploads\/2024\/01\/354255291_635022205327902_4819745749077930764_n.png\" class=\"attachment-large size-large\" alt=\"\" srcset=\"https:\/\/hr-vjc.vn\/wp-content\/uploads\/2024\/01\/354255291_635022205327902_4819745749077930764_n.png 640w, https:\/\/hr-vjc.vn\/wp-content\/uploads\/2024\/01\/354255291_635022205327902_4819745749077930764_n-300x300.png 300w, https:\/\/hr-vjc.vn\/wp-content\/uploads\/2024\/01\/354255291_635022205327902_4819745749077930764_n-150x150.png 150w, https:\/\/hr-vjc.vn\/wp-content\/uploads\/2024\/01\/354255291_635022205327902_4819745749077930764_n-12x12.png 12w, https:\/\/hr-vjc.vn\/wp-content\/uploads\/2024\/01\/354255291_635022205327902_4819745749077930764_n-510x510.png 510w, https:\/\/hr-vjc.vn\/wp-content\/uploads\/2024\/01\/354255291_635022205327902_4819745749077930764_n-100x100.png 100w\" sizes=\"auto, (max-width: 640px) 100vw, 640px\" \/>\t\t\t\t\t\t\n\t\t\t\t\t<\/div>\n\t\t\t\t\t\t\t\t\n<style>\n#image_520680431 {\n  width: 100%;\n}\n<\/style>\n\t<\/div>\n\t\n\n\t<div class=\"img has-hover x md-x lg-x y md-y lg-y\" id=\"image_1744370109\">\n\t\t\t\t\t\t\t\t<div class=\"img-inner dark\" >\n\t\t\t<img loading=\"lazy\" decoding=\"async\" width=\"1020\" height=\"681\" src=\"https:\/\/hr-vjc.vn\/wp-content\/uploads\/2023\/12\/gaelle-marcel-Ld6bx4-axwo-unsplash-1024x684.jpg\" class=\"attachment-large size-large\" alt=\"\" srcset=\"https:\/\/hr-vjc.vn\/wp-content\/uploads\/2023\/12\/gaelle-marcel-Ld6bx4-axwo-unsplash-1024x684.jpg 1024w, https:\/\/hr-vjc.vn\/wp-content\/uploads\/2023\/12\/gaelle-marcel-Ld6bx4-axwo-unsplash-300x200.jpg 300w, https:\/\/hr-vjc.vn\/wp-content\/uploads\/2023\/12\/gaelle-marcel-Ld6bx4-axwo-unsplash-768x513.jpg 768w, https:\/\/hr-vjc.vn\/wp-content\/uploads\/2023\/12\/gaelle-marcel-Ld6bx4-axwo-unsplash-510x341.jpg 510w, https:\/\/hr-vjc.vn\/wp-content\/uploads\/2023\/12\/gaelle-marcel-Ld6bx4-axwo-unsplash.jpg 1500w\" sizes=\"auto, (max-width: 1020px) 100vw, 1020px\" \/>\t\t\t\t\t\t\n\t\t\t\t\t<\/div>\n\t\t\t\t\t\t\t\t\n<style>\n#image_1744370109 {\n  width: 100%;\n}\n<\/style>\n\t<\/div>\n\t\n\n\n     <\/div>\n\n     <div class=\"loading-spin dark large centered\"><\/div>\n\n     \t<\/div>\n\n\n\t<div id=\"text-1471193143\" class=\"text\">\n\t\t\n\n<blockquote>T\u00ecm vi\u1ec7c kh\u00f3 \u0111\u00e3 c\u00f3 HR &#8211; VJC<\/blockquote>\n\t\t\n<style>\n#text-1471193143 {\n  font-size: 0.75rem;\n}\n<\/style>\n\t<\/div>\n\t\n\t<div id=\"gap-1488758089\" class=\"gap-element clearfix\" style=\"display:block; height:auto;\">\n\t\t\n<style>\n#gap-1488758089 {\n  padding-top: 40px;\n}\n<\/style>\n\t<\/div>\n\t\n\n<h3>HR-VJC<\/h3>\n<p>Tuy\u1ec3n 1000 nh\u00e2n s\u1ef1 tokutei t\u1ea1i Nh\u1eadt<\/p>\n\n\t\t<\/div>\n\t\t\n<style>\n#col-1391699418 > .col-inner {\n  padding: 0px 0px 0px 5px;\n}\n<\/style>\n\t<\/div>\n\n\t\n\n\t<div id=\"col-797570940\" class=\"col medium-6 small-12 large-8\"  >\n\t\t<div class=\"col-inner\"  >\n\t\t\t\n\t\t\t\n\n<p><iframe loading=\"lazy\" src=\"https:\/\/script.google.com\/a\/macros\/hr-vjc.vn\/s\/AKfycbw9yXcMMA-mdaS22-VXg2snGxAC4lECtR5t2pTObZQ3HZ3GbnxIwGyoDd99w2G0VTdG\/exec\" width=\"100%\" height=\"600\"><\/iframe><\/p>\n\n\t\t<\/div>\n\t\t\t<\/div>\n\n\t\n\n\t<div id=\"col-2093823375\" class=\"col medium-3 small-12 large-2\"  >\n\t\t<div class=\"col-inner text-center\"  >\n\t\t\t\n\t\t\t\n\n\t<div id=\"text-859210763\" class=\"text\">\n\t\t\n\n<p><iframe loading=\"lazy\" src=\"https:\/\/script.google.com\/macros\/s\/AKfycbx20mIbVuXZZZ75-Hvgy_2RmtiHkY0YmtQeEqHr_c_5-RaJlKHCc80m_ie87UYCqcdarw\/exec\" width=\"100%\" height=\"600\" style=\"border:none; overflow:hidden; padding:1; margin:0;\"><\/iframe><\/p>\n\t\t\n<style>\n#text-859210763 {\n  text-align: center;\n}\n<\/style>\n\t<\/div>\n\t\n\n\t\t<\/div>\n\t\t\n<style>\n#col-2093823375 > .col-inner {\n  padding: 0px 0px 0px 0px;\n  margin: 0px 0px -52px 0px;\n}\n<\/style>\n\t<\/div>\n\n\t\n\n<\/div>","protected":false},"excerpt":{"rendered":"","protected":false},"author":1,"featured_media":0,"parent":0,"menu_order":0,"comment_status":"closed","ping_status":"closed","template":"page-blank.php","meta":{"footnotes":""},"class_list":["post-148","page","type-page","status-publish","hentry"],"_links":{"self":[{"href":"https:\/\/hr-vjc.vn\/vi\/wp-json\/wp\/v2\/pages\/148","targetHints":{"allow":["GET"]}}],"collection":[{"href":"https:\/\/hr-vjc.vn\/vi\/wp-json\/wp\/v2\/pages"}],"about":[{"href":"https:\/\/hr-vjc.vn\/vi\/wp-json\/wp\/v2\/types\/page"}],"author":[{"embeddable":true,"href":"https:\/\/hr-vjc.vn\/vi\/wp-json\/wp\/v2\/users\/1"}],"replies":[{"embeddable":true,"href":"https:\/\/hr-vjc.vn\/vi\/wp-json\/wp\/v2\/comments?post=148"}],"version-history":[{"count":95,"href":"https:\/\/hr-vjc.vn\/vi\/wp-json\/wp\/v2\/pages\/148\/revisions"}],"predecessor-version":[{"id":537,"href":"https:\/\/hr-vjc.vn\/vi\/wp-json\/wp\/v2\/pages\/148\/revisions\/537"}],"wp:attachment":[{"href":"https:\/\/hr-vjc.vn\/vi\/wp-json\/wp\/v2\/media?parent=148"}],"curies":[{"name":"wp","href":"https:\/\/api.w.org\/{rel}","templated":true}]}}